{"id":2568,"date":"2012-01-01T15:20:48","date_gmt":"2012-01-01T13:20:48","guid":{"rendered":"http:\/\/bloggen.fi\/skruttet\/?page_id=2568"},"modified":"2015-02-16T14:26:59","modified_gmt":"2015-02-16T12:26:59","slug":"den-lilla-handens-resa-var-adoptionsprocess","status":"publish","type":"page","link":"https:\/\/blog.skruttet.com\/?page_id=2568","title":{"rendered":"Den lilla handens resa &#8211; V\u00e5r Adoptionsprocess"},"content":{"rendered":"<p><strong>Steg 1<\/strong><\/p>\n<p>2010-Oktober: Adoptionsr\u00e5dgivningen startar.<br \/>\n2011-Augusti: Hemutredningen skrivs.<br \/>\nVi deltar i en Adoptionsf\u00f6rberedelse kurs.<br \/>\n2011-Oktober: Hemutredningen f\u00e5r OK &#8211; klar f\u00f6r n\u00e4mnden.<\/p>\n<p><strong>Steg 2<\/strong><\/p>\n<p>2011-November: Vi samlar papper och ans\u00f6ker om Adoptionstillst\u00e5nd.<br \/>\n2011-December: Till\u00e4ggsutredning beg\u00e4rs fr\u00e5n n\u00e4mnden.<br \/>\n2012-Januari: Vi Till\u00e4ggsutreds.<br \/>\n2012-Mars: Till\u00e4ggsutredningen skickas till n\u00e4mnden &#8211; ans\u00f6kan tas upp p\u00e5 nytt.<br \/>\n2012-April: Vi f\u00e5r tillst\u00e5nd f\u00f6r internationell adoption \ud83d\ude42 &lt;3<\/p>\n<p><strong>Steg 3<\/strong> (Ett &#8217;extra&#8217; steg som tillkommer i och med min medf\u00f6dda funktionsneds\u00e4ttning)<\/p>\n<p>2012-Maj: F\u00f6rhandsf\u00f6rfr\u00e5gan skickas utomlands.<br \/>\n2012-September: Hemutredningen ska \u00f6vers\u00e4ttas &#8211; N\u00e5gon\u00a0vill veta mer om oss! \ud83d\ude42<br \/>\n2012-December: En del av v\u00e5ra dokument \u00f6vers\u00e4tts.<br \/>\n2013-Januari: V\u00e5ra papper ligger nu f\u00f6r bed\u00f6mning i utlandet.<br \/>\n2013-Mars: Vi mottar beskedet att det inte tros vara m\u00f6jligt f\u00f6r oss att bli godk\u00e4nda, med anledning av min funktionsneds\u00e4ttning. D\u00e4rmed hittas inget l\u00e4mpligt kontaktland f\u00f6r oss och v\u00e5r process kommer att avslutas internationellt.<br \/>\n2013-Juni: \u00a0L\u00e4gger vi hela processen p\u00e5 is.<br \/>\nVi tog en v\u00e4lbeh\u00f6vlig paus, \u00a0nj\u00f6t av sommaren och sedan avslutades processen helt.<\/p>\n<p>Till Barnet vi aldrig fick m\u00f6ta:<\/p>\n<p><em>Vi gjorde allt vi kunde,<\/em><br \/>\n<em>men det r\u00e4ckte inte riktigt till.<\/em><br \/>\n<em>\u00c4lskade lilla \u00a0hj\u00e4rtat, i bland g\u00e5r saker inte riktigt som man vill.<\/em><br \/>\n<em>Men en sak \u00e4r s\u00e4ker,<\/em><br \/>\n<em>En speciell plats i v\u00e5ra hj\u00e4rtan \u00e4r din.<\/em><br \/>\n<em>Vi \u00e4lskar dig!!<\/em><\/p>\n<p><em>Mamma &amp; Pappa<\/em><br \/>\n(Skruttet 1.11.2013)<\/p>\n<p>&nbsp;<\/p>\n","protected":false},"excerpt":{"rendered":"<p>Steg 1 2010-Oktober: Adoptionsr\u00e5dgivningen startar. 2011-Augusti: Hemutredningen skrivs. Vi deltar i en Adoptionsf\u00f6rberedelse kurs. 2011-Oktober: Hemutredningen f\u00e5r OK &#8211; klar f\u00f6r n\u00e4mnden. Steg 2 2011-November: Vi samlar papper och ans\u00f6ker om Adoptionstillst\u00e5nd. 2011-December: Till\u00e4ggsutredning beg\u00e4rs fr\u00e5n n\u00e4mnden. 2012-Januari: Vi Till\u00e4ggsutreds. &hellip; <a href=\"https:\/\/blog.skruttet.com\/?page_id=2568\">Forts\u00e4tt l\u00e4sa <span class=\"meta-nav\">&rarr;<\/span><\/a><\/p>\n","protected":false},"author":1,"featured_media":0,"parent":0,"menu_order":0,"comment_status":"open","ping_status":"closed","template":"","meta":[],"_links":{"self":[{"href":"https:\/\/blog.skruttet.com\/index.php?rest_route=\/wp\/v2\/pages\/2568"}],"collection":[{"href":"https:\/\/blog.skruttet.com\/index.php?rest_route=\/wp\/v2\/pages"}],"about":[{"href":"https:\/\/blog.skruttet.com\/index.php?rest_route=\/wp\/v2\/types\/page"}],"author":[{"embeddable":true,"href":"https:\/\/blog.skruttet.com\/index.php?rest_route=\/wp\/v2\/users\/1"}],"replies":[{"embeddable":true,"href":"https:\/\/blog.skruttet.com\/index.php?rest_route=%2Fwp%2Fv2%2Fcomments&post=2568"}],"version-history":[{"count":12,"href":"https:\/\/blog.skruttet.com\/index.php?rest_route=\/wp\/v2\/pages\/2568\/revisions"}],"predecessor-version":[{"id":6240,"href":"https:\/\/blog.skruttet.com\/index.php?rest_route=\/wp\/v2\/pages\/2568\/revisions\/6240"}],"wp:attachment":[{"href":"https:\/\/blog.skruttet.com\/index.php?rest_route=%2Fwp%2Fv2%2Fmedia&parent=2568"}],"curies":[{"name":"wp","href":"https:\/\/api.w.org\/{rel}","templated":true}]}}