{"id":4108,"date":"2012-10-17T18:16:47","date_gmt":"2012-10-17T15:16:47","guid":{"rendered":"http:\/\/bloggen.fi\/skruttet\/?page_id=4108"},"modified":"2015-12-10T11:09:53","modified_gmt":"2015-12-10T09:09:53","slug":"nagra-bloggar-och-andra-lankar-jag-garna-laser","status":"publish","type":"page","link":"https:\/\/blog.skruttet.com\/?page_id=4108","title":{"rendered":"L\u00e4nkar jag g\u00e4rna bes\u00f6ker:"},"content":{"rendered":"<p>* Bittes Blogg:\u00a0<a href=\"http:\/\/bittesblogg.com\/\">http:\/\/bittesblogg.com\/<\/a><a href=\"http:\/\/www.tofslan.blogspot.fi\/\" target=\"_blank\"><br \/>\n<\/a>* V\u00e4rkstadsbloggen:\u00a0<a href=\"http:\/\/www.varkstaden.se\/blogg\/\" target=\"_blank\">http:\/\/www.varkstaden.se\/blogg\/<\/a><a href=\"http:\/\/jagochnestor.blogspot.fi\/\"><br \/>\n<\/a>* F\u00f6reningen Barnl\u00e4ngtan:\u00a0<a href=\"http:\/\/www.barnlangtan.com\/\" target=\"_blank\">http:\/\/www.barnlangtan.com\/<br \/>\n<\/a>* Svenska Endometriosf\u00f6reningen:\u00a0<a href=\"http:\/\/www.endometriosforeningen.com\/site\/\" target=\"_blank\">http:\/\/www.endometriosforeningen.com\/<br \/>\n<\/a>* Bokmalen Cecilias blogg:\u00a0<a href=\"http:\/\/busluren.blogspot.fi\/\" target=\"_blank\">http:\/\/busluren.blogspot.fi\/<br \/>\n<\/a>* St\u00f6dgruppen Medsystrars hemsida:\u00a0<a href=\"http:\/\/www.medsystrar.se\/\" target=\"_blank\">http:\/\/www.medsystrar.se\/<\/a><br \/>\n*\u00a0Finska Endometriosf\u00f6reningen:\u00a0<a href=\"http:\/\/www.endometrioosi.fi\/\" target=\"_blank\">http:\/\/www.endometrioosi.fi\/<\/a><\/p>\n<p>&nbsp;<\/p>\n<p><a href=\"http:\/\/busluren.blogspot.fi\/\">\u00a0<\/a><\/p>\n<p>&nbsp;<\/p>\n","protected":false},"excerpt":{"rendered":"<p>* Bittes Blogg:\u00a0http:\/\/bittesblogg.com\/ * V\u00e4rkstadsbloggen:\u00a0http:\/\/www.varkstaden.se\/blogg\/ * F\u00f6reningen Barnl\u00e4ngtan:\u00a0http:\/\/www.barnlangtan.com\/ * Svenska Endometriosf\u00f6reningen:\u00a0http:\/\/www.endometriosforeningen.com\/ * Bokmalen Cecilias blogg:\u00a0http:\/\/busluren.blogspot.fi\/ * St\u00f6dgruppen Medsystrars hemsida:\u00a0http:\/\/www.medsystrar.se\/ *\u00a0Finska Endometriosf\u00f6reningen:\u00a0http:\/\/www.endometrioosi.fi\/ &nbsp; \u00a0 &nbsp;<\/p>\n","protected":false},"author":1,"featured_media":0,"parent":0,"menu_order":0,"comment_status":"open","ping_status":"closed","template":"","meta":[],"_links":{"self":[{"href":"https:\/\/blog.skruttet.com\/index.php?rest_route=\/wp\/v2\/pages\/4108"}],"collection":[{"href":"https:\/\/blog.skruttet.com\/index.php?rest_route=\/wp\/v2\/pages"}],"about":[{"href":"https:\/\/blog.skruttet.com\/index.php?rest_route=\/wp\/v2\/types\/page"}],"author":[{"embeddable":true,"href":"https:\/\/blog.skruttet.com\/index.php?rest_route=\/wp\/v2\/users\/1"}],"replies":[{"embeddable":true,"href":"https:\/\/blog.skruttet.com\/index.php?rest_route=%2Fwp%2Fv2%2Fcomments&post=4108"}],"version-history":[{"count":8,"href":"https:\/\/blog.skruttet.com\/index.php?rest_route=\/wp\/v2\/pages\/4108\/revisions"}],"predecessor-version":[{"id":6370,"href":"https:\/\/blog.skruttet.com\/index.php?rest_route=\/wp\/v2\/pages\/4108\/revisions\/6370"}],"wp:attachment":[{"href":"https:\/\/blog.skruttet.com\/index.php?rest_route=%2Fwp%2Fv2%2Fmedia&parent=4108"}],"curies":[{"name":"wp","href":"https:\/\/api.w.org\/{rel}","templated":true}]}}