{"id":4538,"date":"2012-12-06T15:31:21","date_gmt":"2012-12-06T13:31:21","guid":{"rendered":"http:\/\/www.skruttet.com\/?page_id=4538"},"modified":"2020-10-16T20:29:43","modified_gmt":"2020-10-16T17:29:43","slug":"om-boken","status":"publish","type":"page","link":"https:\/\/blog.skruttet.com\/?page_id=4538","title":{"rendered":"Om Boken"},"content":{"rendered":"<p>Tanken p\u00e5 att l\u00e5ta delar av mitt liv med kvinnosjukdomen Endometrios bli till bok, i form av <strong><em>Kampen mellan \u00c4nglarna &amp; Draken &#8211; Att leva med Endometrios<\/em><\/strong> har l\u00e4nge funnits. Anledningarna till att den inte har blivit skriven och publicerad f\u00f6rr\u00e4n \u00e5r 2012 \u00a0\u00e4r m\u00e5nga. Men under en l\u00e4ngre tid som sjukledig fanns mycket \u00f6verlopps tid.<\/p>\n<p>Jag minns den dagen d\u00e5 jag s\u00e5g det vita pappret framf\u00f6r mig p\u00e5 datorns sk\u00e4rm; fingrarna lades f\u00f6rsiktigt p\u00e5 tangentbordet. Bredvid mig brann ett ljus med fladdrande l\u00e5ga samtidigt som radion spelade vacker musik f\u00f6r mig.\u00a0Tiden f\u00f6rsvann och orden fullkomligt forsade ur mig.<\/p>\n<p><img loading=\"lazy\" class=\"alignright size-full wp-image-4486\" title=\"KampenBok\" src=\"http:\/\/www.skruttet.com\/blog\/wp-content\/uploads\/2012\/12\/KampenBok.jpg\" alt=\"\" width=\"120\" height=\"170\" \/><\/p>\n<p>M\u00e5nga \u00e4r de g\u00e5nger jag f\u00e5tt fr\u00e5gan:<br \/>\n<em>Hur gjorde du f\u00f6r att skriva boken?<\/em><\/p>\n<p>P\u00e5 det finns inget svar. F\u00f6r upplevelsen \u00e4r den att boken skrev sig sj\u00e4lv. F\u00f6r min egen del handlade det mera om att ta till mig allt. Att f\u00f6rst\u00e5 helhet. Att se samband. Men den st\u00f6rsta utmaningen l\u00e5g nog \u00e4nd\u00e5 i att &#8221;v\u00e5ga ta chansen&#8221; att uppleva allt p\u00e5 nytt.<\/p>\n<p>M\u00e4ngder av t\u00e5rar gr\u00e4ts n\u00e4r de olika delarna skulle s\u00e4ttas i hop och gamla s\u00e5r blev som nya. Men allt eftersom tiden gick infann sig allt fler sk\u00f6na aha upplevelser och fr\u00e5gor som varit obesvarade i flera \u00e5r fick sina svar.<\/p>\n<p>Jag b\u00e4r vetskapen om att det var precis det h\u00e4r som beh\u00f6vde g\u00f6ras f\u00f6r att cirkeln skulle slutas och bli hel. Och jag hoppas att orden om \u00c4nglarnas kamp mot Draken \u00e4ven \u00e4r till hj\u00e4lp och tr\u00f6st f\u00f6r n\u00e5gon annan. F\u00f6r en sak \u00e4r s\u00e4ker: <em>Du \u00e4r inte ensam!!<\/em><\/p>\n<p>P\u00e5 <a href=\"http:\/\/www.smakprov.se\/smakprov\/visa\/9789163706868\/partner\/smakprov\" target=\"_blank\" rel=\"noopener noreferrer\">smakprov.se<\/a>\u00a0kan du l\u00e4sa n\u00e5gra rader ur boken. Och en f\u00f6rfattarintervju<br \/>\nfinns att l\u00e4sa\u00a0<a href=\"http:\/\/www.vulkanmedia.se\/forfattarintervjuer\/kampen-mellan-anglarna-och-draken-att-leva-med-endometrios-av-ann-sofi-bjorklundare\/\">h\u00e4r<\/a><\/p>\n<p>Boken finns att l\u00e5na p\u00e5 bibliotek i b\u00e5de <a href=\"http:\/\/libris.kb.se\/bib\/12907415\" target=\"_blank\" rel=\"noopener noreferrer\">Sverige<\/a>\u00a0&amp; <a href=\"http:\/\/abilita.fi\/fredrika\/title_items.aspx?bid=9789163706868%20&amp;kcode=&amp;bcode=&amp;acode=\" target=\"_blank\" rel=\"noopener noreferrer\">Finland\u00a0<\/a>\/\u00e4ven <a href=\"http:\/\/www.bibliotek.ax\/web\/arena\/results?p_p_state=normal&amp;p_p_lifecycle=1&amp;p_p_action=1&amp;p_p_id=crDetailWicket_WAR_arenaportlets&amp;p_p_col_count=4&amp;p_p_col_id=column-2&amp;p_p_mode=view&amp;back_url=http%3A%2F%2Fwww.bibliotek.ax%2Fweb%2Farena%2Fsearch%3Fp_p_id%3DsearchResult_WAR_arenaportlets%26p_p_lifecycle%3D1%26p_p_state%3Dnormal%26p_p_mode%3Dview%26p_p_col_id%3Dcolumn-2%26p_p_col_count%3D3%26facet_queries%3D%26search_item_no%3D2%26sort_advice%3Dfield%253DpublicationYear_sort%2526direction%253DDescending%26arena_member_id%3D25330471%26agency_name%3DASE100113%26search_type%3Dsolr%26search_query%3Dbj%25C3%25B6rklund&amp;facet_queries=&amp;search_item_no=0&amp;sort_advice=field%3DpublicationYear_sort%26direction%3DDescending&amp;search_type=solr&amp;search_query=bj%C3%B6rklund&amp;arena_member_id=25330471&amp;search_item_id=23560&amp;agency_name=ASE100113\" target=\"_blank\" rel=\"noopener noreferrer\">\u00c5land<\/a><\/p>\n<p>Boken finns f\u00f6rutom via det egna f\u00f6retaget <a href=\"https:\/\/www.callifine.net\/\" target=\"_blank\" rel=\"noopener noreferrer\">Callifine<\/a>\u00a0 att k\u00f6pa bl.a. h\u00e4r:<br \/>\nVulkan: <a href=\"http:\/\/www.vulkan.se\/\" target=\"_blank\" rel=\"noopener noreferrer\">http:\/\/www.vulkan.se\/<\/a><br \/>\nCdon: <a href=\"http:\/\/cdon.se\/\" target=\"_blank\" rel=\"noopener noreferrer\">http:\/\/cdon.se<\/a>\/ (b\u00e5de Sverige &amp; Finland)<br \/>\nBokia: <a href=\"http:\/\/www.bokia.se\/\" target=\"_blank\" rel=\"noopener noreferrer\">http:\/\/www.bokia.se\/<\/a><br \/>\nBokus: <a href=\"http:\/\/www.bokus.com\/\" target=\"_blank\" rel=\"noopener noreferrer\">http:\/\/www.bokus.com\/<\/a><br \/>\nAdlibris: <a href=\"http:\/\/www.adlibris.com\/\" target=\"_blank\" rel=\"noopener noreferrer\">http:\/\/www.adlibris.com\/<\/a> ( Sverige, Finland, Norge &amp; Danmark)<br \/>\nSom e-bok:\u00a0<a href=\"https:\/\/www.elib.se\/ebook_detail.asp?id_type=ISBN&amp;id=9163748827\">Elib.se<\/a>\u00a0(E-boken kan l\u00e4sas p\u00e5 plattor, datorer och moderna telefoner)<\/p>\n<p>\u00c4nglakramar!!<\/p>\n","protected":false},"excerpt":{"rendered":"<p>Tanken p\u00e5 att l\u00e5ta delar av mitt liv med kvinnosjukdomen Endometrios bli till bok, i form av Kampen mellan \u00c4nglarna &amp; Draken &#8211; Att leva med Endometrios har l\u00e4nge funnits. Anledningarna till att den inte har blivit skriven och publicerad &hellip; <a href=\"https:\/\/blog.skruttet.com\/?page_id=4538\">Forts\u00e4tt l\u00e4sa <span class=\"meta-nav\">&rarr;<\/span><\/a><\/p>\n","protected":false},"author":1,"featured_media":0,"parent":0,"menu_order":0,"comment_status":"open","ping_status":"open","template":"","meta":[],"_links":{"self":[{"href":"https:\/\/blog.skruttet.com\/index.php?rest_route=\/wp\/v2\/pages\/4538"}],"collection":[{"href":"https:\/\/blog.skruttet.com\/index.php?rest_route=\/wp\/v2\/pages"}],"about":[{"href":"https:\/\/blog.skruttet.com\/index.php?rest_route=\/wp\/v2\/types\/page"}],"author":[{"embeddable":true,"href":"https:\/\/blog.skruttet.com\/index.php?rest_route=\/wp\/v2\/users\/1"}],"replies":[{"embeddable":true,"href":"https:\/\/blog.skruttet.com\/index.php?rest_route=%2Fwp%2Fv2%2Fcomments&post=4538"}],"version-history":[{"count":22,"href":"https:\/\/blog.skruttet.com\/index.php?rest_route=\/wp\/v2\/pages\/4538\/revisions"}],"predecessor-version":[{"id":6497,"href":"https:\/\/blog.skruttet.com\/index.php?rest_route=\/wp\/v2\/pages\/4538\/revisions\/6497"}],"wp:attachment":[{"href":"https:\/\/blog.skruttet.com\/index.php?rest_route=%2Fwp%2Fv2%2Fmedia&parent=4538"}],"curies":[{"name":"wp","href":"https:\/\/api.w.org\/{rel}","templated":true}]}}